{"id":56,"date":"2023-07-27T09:49:07","date_gmt":"2023-07-27T07:49:07","guid":{"rendered":"http:\/\/sojalspumi.se\/?page_id=56"},"modified":"2023-07-30T10:53:16","modified_gmt":"2023-07-30T08:53:16","slug":"a-kullen","status":"publish","type":"page","link":"https:\/\/sojalspumi.se\/?page_id=56","title":{"rendered":"A-kullen"},"content":{"rendered":"\n<p class=\"has-text-align-center\">F\u00f6delsedatum: 2018-07-10<br>SE UCH FI  UCH <strong>Napos Zuhan\u00f3bomb\u00e1z\u00f3<\/strong> X SE RALLY CH RLD N+F+A LD STARTKLASS <strong>Pusztasarja L\u00e1nka<\/strong><br><br>Atlas Nelson<br>Axe Tayson<br>RALLY CH RLD N+F+A Athena<br>Amber<br>Alma<br>Ariel<\/p>\n\n\n<div class=\"wp-block-image\">\n<figure class=\"aligncenter size-full\"><img loading=\"lazy\" decoding=\"async\" width=\"700\" height=\"618\" src=\"http:\/\/sojalspumi.se\/wp-content\/uploads\/2023\/07\/a12dagar_web.jpg\" alt=\"\" class=\"wp-image-65\" srcset=\"https:\/\/sojalspumi.se\/wp-content\/uploads\/2023\/07\/a12dagar_web.jpg 700w, https:\/\/sojalspumi.se\/wp-content\/uploads\/2023\/07\/a12dagar_web-300x265.jpg 300w\" sizes=\"auto, (max-width: 700px) 100vw, 700px\" \/><figcaption class=\"wp-element-caption\">12 dagar<\/figcaption><\/figure>\n<\/div>\n\n<div class=\"wp-block-image\">\n<figure class=\"aligncenter size-full\"><img loading=\"lazy\" decoding=\"async\" width=\"500\" height=\"394\" src=\"https:\/\/sojalspumi.se\/wp-content\/uploads\/2023\/07\/akull_stam.jpg\" alt=\"\" class=\"wp-image-189\" srcset=\"https:\/\/sojalspumi.se\/wp-content\/uploads\/2023\/07\/akull_stam.jpg 500w, https:\/\/sojalspumi.se\/wp-content\/uploads\/2023\/07\/akull_stam-300x236.jpg 300w\" sizes=\"auto, (max-width: 500px) 100vw, 500px\" \/><\/figure>\n<\/div>\n\n<div class=\"wp-block-image\">\n<figure class=\"aligncenter size-full\"><img loading=\"lazy\" decoding=\"async\" width=\"500\" height=\"460\" src=\"https:\/\/sojalspumi.se\/wp-content\/uploads\/2023\/07\/axeweb.jpg\" alt=\"\" class=\"wp-image-165\" srcset=\"https:\/\/sojalspumi.se\/wp-content\/uploads\/2023\/07\/axeweb.jpg 500w, https:\/\/sojalspumi.se\/wp-content\/uploads\/2023\/07\/axeweb-300x276.jpg 300w\" sizes=\"auto, (max-width: 500px) 100vw, 500px\" \/><figcaption class=\"wp-element-caption\">Axe<\/figcaption><\/figure>\n<\/div>\n\n<div class=\"wp-block-image\">\n<figure class=\"aligncenter size-full\"><img loading=\"lazy\" decoding=\"async\" width=\"500\" height=\"475\" src=\"https:\/\/sojalspumi.se\/wp-content\/uploads\/2023\/07\/atlasweb.jpg\" alt=\"\" class=\"wp-image-166\" srcset=\"https:\/\/sojalspumi.se\/wp-content\/uploads\/2023\/07\/atlasweb.jpg 500w, https:\/\/sojalspumi.se\/wp-content\/uploads\/2023\/07\/atlasweb-300x285.jpg 300w\" sizes=\"auto, (max-width: 500px) 100vw, 500px\" \/><figcaption class=\"wp-element-caption\">Atlas<\/figcaption><\/figure>\n<\/div>\n\n<div class=\"wp-block-image\">\n<figure class=\"aligncenter size-full\"><img loading=\"lazy\" decoding=\"async\" width=\"500\" height=\"392\" src=\"https:\/\/sojalspumi.se\/wp-content\/uploads\/2023\/07\/arielweb.jpg\" alt=\"\" class=\"wp-image-168\" srcset=\"https:\/\/sojalspumi.se\/wp-content\/uploads\/2023\/07\/arielweb.jpg 500w, https:\/\/sojalspumi.se\/wp-content\/uploads\/2023\/07\/arielweb-300x235.jpg 300w\" sizes=\"auto, (max-width: 500px) 100vw, 500px\" \/><figcaption class=\"wp-element-caption\">Ariel<\/figcaption><\/figure>\n<\/div>\n\n<div class=\"wp-block-image\">\n<figure class=\"aligncenter size-full\"><img loading=\"lazy\" decoding=\"async\" width=\"500\" height=\"375\" src=\"https:\/\/sojalspumi.se\/wp-content\/uploads\/2023\/07\/amberweb.jpg\" alt=\"\" class=\"wp-image-169\" srcset=\"https:\/\/sojalspumi.se\/wp-content\/uploads\/2023\/07\/amberweb.jpg 500w, https:\/\/sojalspumi.se\/wp-content\/uploads\/2023\/07\/amberweb-300x225.jpg 300w\" sizes=\"auto, (max-width: 500px) 100vw, 500px\" \/><figcaption class=\"wp-element-caption\">Amber<\/figcaption><\/figure>\n<\/div>\n\n<div class=\"wp-block-image\">\n<figure class=\"aligncenter size-full\"><img loading=\"lazy\" decoding=\"async\" width=\"500\" height=\"461\" src=\"https:\/\/sojalspumi.se\/wp-content\/uploads\/2023\/07\/almaweb.jpg\" alt=\"\" class=\"wp-image-170\" srcset=\"https:\/\/sojalspumi.se\/wp-content\/uploads\/2023\/07\/almaweb.jpg 500w, https:\/\/sojalspumi.se\/wp-content\/uploads\/2023\/07\/almaweb-300x277.jpg 300w\" sizes=\"auto, (max-width: 500px) 100vw, 500px\" \/><figcaption class=\"wp-element-caption\">Alma<\/figcaption><\/figure>\n<\/div>\n\n<div class=\"wp-block-image\">\n<figure class=\"aligncenter size-full\"><img loading=\"lazy\" decoding=\"async\" width=\"500\" height=\"455\" src=\"https:\/\/sojalspumi.se\/wp-content\/uploads\/2023\/07\/aathenaweb.jpg\" alt=\"\" class=\"wp-image-171\" srcset=\"https:\/\/sojalspumi.se\/wp-content\/uploads\/2023\/07\/aathenaweb.jpg 500w, https:\/\/sojalspumi.se\/wp-content\/uploads\/2023\/07\/aathenaweb-300x273.jpg 300w\" sizes=\"auto, (max-width: 500px) 100vw, 500px\" \/><figcaption class=\"wp-element-caption\">Athena<\/figcaption><\/figure>\n<\/div>","protected":false},"excerpt":{"rendered":"<p>F\u00f6delsedatum: 2018-07-10SE UCH FI UCH Napos Zuhan\u00f3bomb\u00e1z\u00f3 X SE RALLY CH RLD N+F+A LD STARTKLASS Pusztasarja L\u00e1nka Atlas NelsonAxe TaysonRALLY CH RLD N+F+A AthenaAmberAlmaAriel<\/p>\n","protected":false},"author":1,"featured_media":0,"parent":0,"menu_order":0,"comment_status":"closed","ping_status":"closed","template":"","meta":{"_monsterinsights_skip_tracking":false,"_monsterinsights_sitenote_active":false,"_monsterinsights_sitenote_note":"","_monsterinsights_sitenote_category":0,"footnotes":""},"class_list":["post-56","page","type-page","status-publish","hentry"],"yoast_head":"<!-- This site is optimized with the Yoast SEO plugin v26.9 - https:\/\/yoast.com\/product\/yoast-seo-wordpress\/ -->\n<title>A-kullen - Sojal&#039;s<\/title>\n<meta name=\"robots\" content=\"index, follow, max-snippet:-1, max-image-preview:large, max-video-preview:-1\" \/>\n<link rel=\"canonical\" href=\"http:\/\/sojalspumi.se\/?page_id=56\" \/>\n<meta property=\"og:locale\" content=\"sv_SE\" \/>\n<meta property=\"og:type\" content=\"article\" \/>\n<meta property=\"og:title\" content=\"A-kullen - Sojal&#039;s\" \/>\n<meta property=\"og:description\" content=\"F\u00f6delsedatum: 2018-07-10SE UCH FI UCH Napos Zuhan\u00f3bomb\u00e1z\u00f3 X SE RALLY CH RLD N+F+A LD STARTKLASS Pusztasarja L\u00e1nka Atlas NelsonAxe TaysonRALLY CH RLD N+F+A AthenaAmberAlmaAriel\" \/>\n<meta property=\"og:url\" content=\"http:\/\/sojalspumi.se\/?page_id=56\" \/>\n<meta property=\"og:site_name\" content=\"Sojal&#039;s\" \/>\n<meta property=\"article:modified_time\" content=\"2023-07-30T08:53:16+00:00\" \/>\n<meta property=\"og:image\" content=\"http:\/\/sojalspumi.se\/wp-content\/uploads\/2023\/07\/a12dagar_web.jpg\" \/>\n<meta name=\"twitter:card\" content=\"summary_large_image\" \/>\n<meta name=\"twitter:label1\" content=\"Ber\u00e4knad l\u00e4stid\" \/>\n\t<meta name=\"twitter:data1\" content=\"2 minuter\" \/>\n<script type=\"application\/ld+json\" class=\"yoast-schema-graph\">{\"@context\":\"https:\/\/schema.org\",\"@graph\":[{\"@type\":\"WebPage\",\"@id\":\"http:\/\/sojalspumi.se\/?page_id=56\",\"url\":\"http:\/\/sojalspumi.se\/?page_id=56\",\"name\":\"A-kullen - Sojal&#039;s\",\"isPartOf\":{\"@id\":\"http:\/\/sojalspumi.se\/#website\"},\"primaryImageOfPage\":{\"@id\":\"http:\/\/sojalspumi.se\/?page_id=56#primaryimage\"},\"image\":{\"@id\":\"http:\/\/sojalspumi.se\/?page_id=56#primaryimage\"},\"thumbnailUrl\":\"http:\/\/sojalspumi.se\/wp-content\/uploads\/2023\/07\/a12dagar_web.jpg\",\"datePublished\":\"2023-07-27T07:49:07+00:00\",\"dateModified\":\"2023-07-30T08:53:16+00:00\",\"breadcrumb\":{\"@id\":\"http:\/\/sojalspumi.se\/?page_id=56#breadcrumb\"},\"inLanguage\":\"sv-SE\",\"potentialAction\":[{\"@type\":\"ReadAction\",\"target\":[\"http:\/\/sojalspumi.se\/?page_id=56\"]}]},{\"@type\":\"ImageObject\",\"inLanguage\":\"sv-SE\",\"@id\":\"http:\/\/sojalspumi.se\/?page_id=56#primaryimage\",\"url\":\"https:\/\/sojalspumi.se\/wp-content\/uploads\/2023\/07\/a12dagar_web.jpg\",\"contentUrl\":\"https:\/\/sojalspumi.se\/wp-content\/uploads\/2023\/07\/a12dagar_web.jpg\",\"width\":700,\"height\":618},{\"@type\":\"BreadcrumbList\",\"@id\":\"http:\/\/sojalspumi.se\/?page_id=56#breadcrumb\",\"itemListElement\":[{\"@type\":\"ListItem\",\"position\":1,\"name\":\"Home\",\"item\":\"http:\/\/sojalspumi.se\/\"},{\"@type\":\"ListItem\",\"position\":2,\"name\":\"A-kullen\"}]},{\"@type\":\"WebSite\",\"@id\":\"http:\/\/sojalspumi.se\/#website\",\"url\":\"http:\/\/sojalspumi.se\/\",\"name\":\"Sojal&#039;s\",\"description\":\"\",\"potentialAction\":[{\"@type\":\"SearchAction\",\"target\":{\"@type\":\"EntryPoint\",\"urlTemplate\":\"http:\/\/sojalspumi.se\/?s={search_term_string}\"},\"query-input\":{\"@type\":\"PropertyValueSpecification\",\"valueRequired\":true,\"valueName\":\"search_term_string\"}}],\"inLanguage\":\"sv-SE\"}]}<\/script>\n<!-- \/ Yoast SEO plugin. -->","yoast_head_json":{"title":"A-kullen - Sojal&#039;s","robots":{"index":"index","follow":"follow","max-snippet":"max-snippet:-1","max-image-preview":"max-image-preview:large","max-video-preview":"max-video-preview:-1"},"canonical":"http:\/\/sojalspumi.se\/?page_id=56","og_locale":"sv_SE","og_type":"article","og_title":"A-kullen - Sojal&#039;s","og_description":"F\u00f6delsedatum: 2018-07-10SE UCH FI UCH Napos Zuhan\u00f3bomb\u00e1z\u00f3 X SE RALLY CH RLD N+F+A LD STARTKLASS Pusztasarja L\u00e1nka Atlas NelsonAxe TaysonRALLY CH RLD N+F+A AthenaAmberAlmaAriel","og_url":"http:\/\/sojalspumi.se\/?page_id=56","og_site_name":"Sojal&#039;s","article_modified_time":"2023-07-30T08:53:16+00:00","og_image":[{"url":"http:\/\/sojalspumi.se\/wp-content\/uploads\/2023\/07\/a12dagar_web.jpg","type":"","width":"","height":""}],"twitter_card":"summary_large_image","twitter_misc":{"Ber\u00e4knad l\u00e4stid":"2 minuter"},"schema":{"@context":"https:\/\/schema.org","@graph":[{"@type":"WebPage","@id":"http:\/\/sojalspumi.se\/?page_id=56","url":"http:\/\/sojalspumi.se\/?page_id=56","name":"A-kullen - Sojal&#039;s","isPartOf":{"@id":"http:\/\/sojalspumi.se\/#website"},"primaryImageOfPage":{"@id":"http:\/\/sojalspumi.se\/?page_id=56#primaryimage"},"image":{"@id":"http:\/\/sojalspumi.se\/?page_id=56#primaryimage"},"thumbnailUrl":"http:\/\/sojalspumi.se\/wp-content\/uploads\/2023\/07\/a12dagar_web.jpg","datePublished":"2023-07-27T07:49:07+00:00","dateModified":"2023-07-30T08:53:16+00:00","breadcrumb":{"@id":"http:\/\/sojalspumi.se\/?page_id=56#breadcrumb"},"inLanguage":"sv-SE","potentialAction":[{"@type":"ReadAction","target":["http:\/\/sojalspumi.se\/?page_id=56"]}]},{"@type":"ImageObject","inLanguage":"sv-SE","@id":"http:\/\/sojalspumi.se\/?page_id=56#primaryimage","url":"https:\/\/sojalspumi.se\/wp-content\/uploads\/2023\/07\/a12dagar_web.jpg","contentUrl":"https:\/\/sojalspumi.se\/wp-content\/uploads\/2023\/07\/a12dagar_web.jpg","width":700,"height":618},{"@type":"BreadcrumbList","@id":"http:\/\/sojalspumi.se\/?page_id=56#breadcrumb","itemListElement":[{"@type":"ListItem","position":1,"name":"Home","item":"http:\/\/sojalspumi.se\/"},{"@type":"ListItem","position":2,"name":"A-kullen"}]},{"@type":"WebSite","@id":"http:\/\/sojalspumi.se\/#website","url":"http:\/\/sojalspumi.se\/","name":"Sojal&#039;s","description":"","potentialAction":[{"@type":"SearchAction","target":{"@type":"EntryPoint","urlTemplate":"http:\/\/sojalspumi.se\/?s={search_term_string}"},"query-input":{"@type":"PropertyValueSpecification","valueRequired":true,"valueName":"search_term_string"}}],"inLanguage":"sv-SE"}]}},"_links":{"self":[{"href":"https:\/\/sojalspumi.se\/index.php?rest_route=\/wp\/v2\/pages\/56","targetHints":{"allow":["GET"]}}],"collection":[{"href":"https:\/\/sojalspumi.se\/index.php?rest_route=\/wp\/v2\/pages"}],"about":[{"href":"https:\/\/sojalspumi.se\/index.php?rest_route=\/wp\/v2\/types\/page"}],"author":[{"embeddable":true,"href":"https:\/\/sojalspumi.se\/index.php?rest_route=\/wp\/v2\/users\/1"}],"replies":[{"embeddable":true,"href":"https:\/\/sojalspumi.se\/index.php?rest_route=%2Fwp%2Fv2%2Fcomments&post=56"}],"version-history":[{"count":5,"href":"https:\/\/sojalspumi.se\/index.php?rest_route=\/wp\/v2\/pages\/56\/revisions"}],"predecessor-version":[{"id":190,"href":"https:\/\/sojalspumi.se\/index.php?rest_route=\/wp\/v2\/pages\/56\/revisions\/190"}],"wp:attachment":[{"href":"https:\/\/sojalspumi.se\/index.php?rest_route=%2Fwp%2Fv2%2Fmedia&parent=56"}],"curies":[{"name":"wp","href":"https:\/\/api.w.org\/{rel}","templated":true}]}}