{"id":5,"date":"2023-07-26T11:48:52","date_gmt":"2023-07-26T09:48:52","guid":{"rendered":"http:\/\/sojalspumi.se\/?page_id=5"},"modified":"2026-02-16T19:48:12","modified_gmt":"2026-02-16T18:48:12","slug":"sojals-pumikennel","status":"publish","type":"page","link":"https:\/\/sojalspumi.se\/","title":{"rendered":"Start"},"content":{"rendered":"\n<p class=\"has-text-align-center\">Namnet Sojal&#8217;s \u00e4r en hyllning till min ungerska pappa Lajos (hans namn bakl\u00e4ngses). <br>Min pappa finns tyv\u00e4rr inte finns med oss l\u00e4ngre men han var otroligt stolt och glad \u00f6ver pumisarna. <br>Sojal&#8217;s Kennel ligger i Norberg, V\u00e4stmanland.<\/p>\n\n\n\n<p class=\"has-text-align-center\">Uppf\u00f6dningen sker i hemmamilj\u00f6 i en liten skala och f\u00f6ljer SSK:s grundregler och avelspolicy.<\/p>\n\n\n<div class=\"wp-block-image\">\n<figure class=\"aligncenter size-full is-resized\"><a href=\"https:\/\/sojalspumi.se\/?page_id=21\"><img loading=\"lazy\" decoding=\"async\" width=\"2048\" height=\"1890\" src=\"http:\/\/sojalspumi.se\/wp-content\/uploads\/2026\/02\/2ef5ec39-1c31-4f62-99e7-4df763026b1b.jpg\" alt=\"\" class=\"wp-image-366\" style=\"aspect-ratio:1.0836141871288718;width:719px;height:auto\" srcset=\"https:\/\/sojalspumi.se\/wp-content\/uploads\/2026\/02\/2ef5ec39-1c31-4f62-99e7-4df763026b1b.jpg 2048w, https:\/\/sojalspumi.se\/wp-content\/uploads\/2026\/02\/2ef5ec39-1c31-4f62-99e7-4df763026b1b-300x277.jpg 300w, https:\/\/sojalspumi.se\/wp-content\/uploads\/2026\/02\/2ef5ec39-1c31-4f62-99e7-4df763026b1b-1024x945.jpg 1024w, https:\/\/sojalspumi.se\/wp-content\/uploads\/2026\/02\/2ef5ec39-1c31-4f62-99e7-4df763026b1b-768x709.jpg 768w, https:\/\/sojalspumi.se\/wp-content\/uploads\/2026\/02\/2ef5ec39-1c31-4f62-99e7-4df763026b1b-1536x1418.jpg 1536w\" sizes=\"auto, (max-width: 2048px) 100vw, 2048px\" \/><\/a><\/figure>\n<\/div>\n\n<div class=\"wp-block-image\">\n<figure class=\"aligncenter size-full\"><a href=\"https:\/\/skk.se\/sjalvklart\" target=\"_blank\" rel=\"noreferrer noopener\"><img loading=\"lazy\" decoding=\"async\" width=\"700\" height=\"231\" src=\"http:\/\/sojalspumi.se\/wp-content\/uploads\/2023\/07\/skk_banner.jpg\" alt=\"\" class=\"wp-image-52\" srcset=\"https:\/\/sojalspumi.se\/wp-content\/uploads\/2023\/07\/skk_banner.jpg 700w, https:\/\/sojalspumi.se\/wp-content\/uploads\/2023\/07\/skk_banner-300x99.jpg 300w\" sizes=\"auto, (max-width: 700px) 100vw, 700px\" \/><\/a><\/figure>\n<\/div>","protected":false},"excerpt":{"rendered":"<p>Namnet Sojal&#8217;s \u00e4r en hyllning till min ungerska pappa Lajos (hans namn bakl\u00e4ngses). Min pappa finns tyv\u00e4rr inte finns med oss l\u00e4ngre men han var otroligt stolt och glad \u00f6ver pumisarna. Sojal&#8217;s Kennel ligger i Norberg, V\u00e4stmanland. Uppf\u00f6dningen sker i<\/p>\n","protected":false},"author":1,"featured_media":0,"parent":0,"menu_order":0,"comment_status":"closed","ping_status":"closed","template":"","meta":{"_monsterinsights_skip_tracking":false,"_monsterinsights_sitenote_active":false,"_monsterinsights_sitenote_note":"","_monsterinsights_sitenote_category":0,"footnotes":""},"class_list":["post-5","page","type-page","status-publish","hentry"],"yoast_head":"<!-- This site is optimized with the Yoast SEO plugin v26.9 - https:\/\/yoast.com\/product\/yoast-seo-wordpress\/ -->\n<title>Start - Sojal&#039;s<\/title>\n<meta name=\"description\" content=\"Uppf\u00f6dare av Pumi\" \/>\n<meta name=\"robots\" content=\"index, follow, max-snippet:-1, max-image-preview:large, max-video-preview:-1\" \/>\n<link rel=\"canonical\" href=\"http:\/\/sojalspumi.se\/\" \/>\n<meta property=\"og:locale\" content=\"sv_SE\" \/>\n<meta property=\"og:type\" content=\"article\" \/>\n<meta property=\"og:title\" content=\"Start - Sojal&#039;s\" \/>\n<meta property=\"og:description\" content=\"Uppf\u00f6dare av Pumi\" \/>\n<meta property=\"og:url\" content=\"http:\/\/sojalspumi.se\/\" \/>\n<meta property=\"og:site_name\" content=\"Sojal&#039;s\" \/>\n<meta property=\"article:modified_time\" content=\"2026-02-16T18:48:12+00:00\" \/>\n<meta property=\"og:image\" content=\"http:\/\/sojalspumi.se\/wp-content\/uploads\/2026\/02\/2ef5ec39-1c31-4f62-99e7-4df763026b1b.jpg\" \/>\n<meta name=\"twitter:card\" content=\"summary_large_image\" \/>\n<meta name=\"twitter:label1\" content=\"Ber\u00e4knad l\u00e4stid\" \/>\n\t<meta name=\"twitter:data1\" content=\"1 minut\" \/>\n<script type=\"application\/ld+json\" class=\"yoast-schema-graph\">{\"@context\":\"https:\/\/schema.org\",\"@graph\":[{\"@type\":\"WebPage\",\"@id\":\"http:\/\/sojalspumi.se\/\",\"url\":\"http:\/\/sojalspumi.se\/\",\"name\":\"Start - Sojal&#039;s\",\"isPartOf\":{\"@id\":\"http:\/\/sojalspumi.se\/#website\"},\"primaryImageOfPage\":{\"@id\":\"http:\/\/sojalspumi.se\/#primaryimage\"},\"image\":{\"@id\":\"http:\/\/sojalspumi.se\/#primaryimage\"},\"thumbnailUrl\":\"http:\/\/sojalspumi.se\/wp-content\/uploads\/2026\/02\/2ef5ec39-1c31-4f62-99e7-4df763026b1b.jpg\",\"datePublished\":\"2023-07-26T09:48:52+00:00\",\"dateModified\":\"2026-02-16T18:48:12+00:00\",\"description\":\"Uppf\u00f6dare av Pumi\",\"breadcrumb\":{\"@id\":\"http:\/\/sojalspumi.se\/#breadcrumb\"},\"inLanguage\":\"sv-SE\",\"potentialAction\":[{\"@type\":\"ReadAction\",\"target\":[\"http:\/\/sojalspumi.se\/\"]}]},{\"@type\":\"ImageObject\",\"inLanguage\":\"sv-SE\",\"@id\":\"http:\/\/sojalspumi.se\/#primaryimage\",\"url\":\"https:\/\/sojalspumi.se\/wp-content\/uploads\/2026\/02\/2ef5ec39-1c31-4f62-99e7-4df763026b1b.jpg\",\"contentUrl\":\"https:\/\/sojalspumi.se\/wp-content\/uploads\/2026\/02\/2ef5ec39-1c31-4f62-99e7-4df763026b1b.jpg\",\"width\":2048,\"height\":1890},{\"@type\":\"BreadcrumbList\",\"@id\":\"http:\/\/sojalspumi.se\/#breadcrumb\",\"itemListElement\":[{\"@type\":\"ListItem\",\"position\":1,\"name\":\"Home\",\"item\":\"http:\/\/sojalspumi.se\/\"},{\"@type\":\"ListItem\",\"position\":2,\"name\":\"Start\"}]},{\"@type\":\"WebSite\",\"@id\":\"http:\/\/sojalspumi.se\/#website\",\"url\":\"http:\/\/sojalspumi.se\/\",\"name\":\"Sojal&#039;s\",\"description\":\"\",\"potentialAction\":[{\"@type\":\"SearchAction\",\"target\":{\"@type\":\"EntryPoint\",\"urlTemplate\":\"http:\/\/sojalspumi.se\/?s={search_term_string}\"},\"query-input\":{\"@type\":\"PropertyValueSpecification\",\"valueRequired\":true,\"valueName\":\"search_term_string\"}}],\"inLanguage\":\"sv-SE\"}]}<\/script>\n<!-- \/ Yoast SEO plugin. -->","yoast_head_json":{"title":"Start - Sojal&#039;s","description":"Uppf\u00f6dare av Pumi","robots":{"index":"index","follow":"follow","max-snippet":"max-snippet:-1","max-image-preview":"max-image-preview:large","max-video-preview":"max-video-preview:-1"},"canonical":"http:\/\/sojalspumi.se\/","og_locale":"sv_SE","og_type":"article","og_title":"Start - Sojal&#039;s","og_description":"Uppf\u00f6dare av Pumi","og_url":"http:\/\/sojalspumi.se\/","og_site_name":"Sojal&#039;s","article_modified_time":"2026-02-16T18:48:12+00:00","og_image":[{"url":"http:\/\/sojalspumi.se\/wp-content\/uploads\/2026\/02\/2ef5ec39-1c31-4f62-99e7-4df763026b1b.jpg","type":"","width":"","height":""}],"twitter_card":"summary_large_image","twitter_misc":{"Ber\u00e4knad l\u00e4stid":"1 minut"},"schema":{"@context":"https:\/\/schema.org","@graph":[{"@type":"WebPage","@id":"http:\/\/sojalspumi.se\/","url":"http:\/\/sojalspumi.se\/","name":"Start - Sojal&#039;s","isPartOf":{"@id":"http:\/\/sojalspumi.se\/#website"},"primaryImageOfPage":{"@id":"http:\/\/sojalspumi.se\/#primaryimage"},"image":{"@id":"http:\/\/sojalspumi.se\/#primaryimage"},"thumbnailUrl":"http:\/\/sojalspumi.se\/wp-content\/uploads\/2026\/02\/2ef5ec39-1c31-4f62-99e7-4df763026b1b.jpg","datePublished":"2023-07-26T09:48:52+00:00","dateModified":"2026-02-16T18:48:12+00:00","description":"Uppf\u00f6dare av Pumi","breadcrumb":{"@id":"http:\/\/sojalspumi.se\/#breadcrumb"},"inLanguage":"sv-SE","potentialAction":[{"@type":"ReadAction","target":["http:\/\/sojalspumi.se\/"]}]},{"@type":"ImageObject","inLanguage":"sv-SE","@id":"http:\/\/sojalspumi.se\/#primaryimage","url":"https:\/\/sojalspumi.se\/wp-content\/uploads\/2026\/02\/2ef5ec39-1c31-4f62-99e7-4df763026b1b.jpg","contentUrl":"https:\/\/sojalspumi.se\/wp-content\/uploads\/2026\/02\/2ef5ec39-1c31-4f62-99e7-4df763026b1b.jpg","width":2048,"height":1890},{"@type":"BreadcrumbList","@id":"http:\/\/sojalspumi.se\/#breadcrumb","itemListElement":[{"@type":"ListItem","position":1,"name":"Home","item":"http:\/\/sojalspumi.se\/"},{"@type":"ListItem","position":2,"name":"Start"}]},{"@type":"WebSite","@id":"http:\/\/sojalspumi.se\/#website","url":"http:\/\/sojalspumi.se\/","name":"Sojal&#039;s","description":"","potentialAction":[{"@type":"SearchAction","target":{"@type":"EntryPoint","urlTemplate":"http:\/\/sojalspumi.se\/?s={search_term_string}"},"query-input":{"@type":"PropertyValueSpecification","valueRequired":true,"valueName":"search_term_string"}}],"inLanguage":"sv-SE"}]}},"_links":{"self":[{"href":"https:\/\/sojalspumi.se\/index.php?rest_route=\/wp\/v2\/pages\/5","targetHints":{"allow":["GET"]}}],"collection":[{"href":"https:\/\/sojalspumi.se\/index.php?rest_route=\/wp\/v2\/pages"}],"about":[{"href":"https:\/\/sojalspumi.se\/index.php?rest_route=\/wp\/v2\/types\/page"}],"author":[{"embeddable":true,"href":"https:\/\/sojalspumi.se\/index.php?rest_route=\/wp\/v2\/users\/1"}],"replies":[{"embeddable":true,"href":"https:\/\/sojalspumi.se\/index.php?rest_route=%2Fwp%2Fv2%2Fcomments&post=5"}],"version-history":[{"count":6,"href":"https:\/\/sojalspumi.se\/index.php?rest_route=\/wp\/v2\/pages\/5\/revisions"}],"predecessor-version":[{"id":375,"href":"https:\/\/sojalspumi.se\/index.php?rest_route=\/wp\/v2\/pages\/5\/revisions\/375"}],"wp:attachment":[{"href":"https:\/\/sojalspumi.se\/index.php?rest_route=%2Fwp%2Fv2%2Fmedia&parent=5"}],"curies":[{"name":"wp","href":"https:\/\/api.w.org\/{rel}","templated":true}]}}