{"id":201,"date":"2023-08-08T07:59:35","date_gmt":"2023-08-08T05:59:35","guid":{"rendered":"http:\/\/sojalspumi.se\/?page_id=201"},"modified":"2023-08-08T07:59:35","modified_gmt":"2023-08-08T05:59:35","slug":"om-pumi","status":"publish","type":"page","link":"https:\/\/sojalspumi.se\/?page_id=201","title":{"rendered":"Om Pumi"},"content":{"rendered":"\n<p class=\"has-text-align-center\">Pumi \u00e4r en ungersk medelstor vallhund. En intelligent, pigg och alert allroundhund med visst m\u00e5tt av terrierns sk\u00e4rpa. Pumin \u00e4lskar sin familj och vill g\u00e4rna vara med s\u00e5 n\u00e4ra som m\u00f6jligt i s\u00e4ngen och ligga i kn\u00e4. Vill g\u00e4rna vara medelpunkten i sin &#8221;flock&#8221;. Dom \u00e4r v\u00e4ldigt uttrycksfulla, spralliga och lekfulla men om den stimuleras s\u00e5 \u00e4r den lugn inomhus men s\u00e5 fort det h\u00e4nder n\u00e5got s\u00e5 \u00e4r den med p\u00e5 noterna. En hund med bra storlek, l\u00e4tt att ha med sig och som g\u00e4rna f\u00f6ljer med p\u00e5 allt familjen g\u00f6r.<\/p>\n\n\n\n<p class=\"has-text-align-center\">Tik Hane<br>Vikt 8-13kg 10-15kg<br>H\u00f6jd 38-44cm 41-47cm<br>P\u00e4lsv\u00e5rd, P\u00e4lsen v\u00e5gig eller lockig. <br>Den f\u00e4ller inte men m\u00e5ste kammas och klippas med j\u00e4mna mellanrum. <br>P\u00e4lsen \u00e4r sj\u00e4lvreng\u00f6rande men beh\u00f6ver behandlas emellan\u00e5t.<\/p>\n\n\n\n<p>L\u00e4s mer om Pumi <a href=\"https:\/\/www.kopahund.se\/hundraser\/pumi\/\" target=\"_blank\" rel=\"noreferrer noopener\">h\u00e4r.<\/a> <br><a href=\"https:\/\/svkfur.com\/hem\/pumi\/\" target=\"_blank\" rel=\"noreferrer noopener\">Svenska klubben f\u00f6r ungerska rashundar.<\/a><\/p>\n","protected":false},"excerpt":{"rendered":"<p>Pumi \u00e4r en ungersk medelstor vallhund. En intelligent, pigg och alert allroundhund med visst m\u00e5tt av terrierns sk\u00e4rpa. Pumin \u00e4lskar sin familj och vill g\u00e4rna vara med s\u00e5 n\u00e4ra som m\u00f6jligt i s\u00e4ngen och ligga i kn\u00e4. Vill g\u00e4rna vara<\/p>\n","protected":false},"author":1,"featured_media":0,"parent":0,"menu_order":0,"comment_status":"closed","ping_status":"closed","template":"","meta":{"_monsterinsights_skip_tracking":false,"_monsterinsights_sitenote_active":false,"_monsterinsights_sitenote_note":"","_monsterinsights_sitenote_category":0,"footnotes":""},"class_list":["post-201","page","type-page","status-publish","hentry"],"yoast_head":"<!-- This site is optimized with the Yoast SEO plugin v26.9 - https:\/\/yoast.com\/product\/yoast-seo-wordpress\/ -->\n<title>Om Pumi - Sojal&#039;s<\/title>\n<meta name=\"robots\" content=\"index, follow, max-snippet:-1, max-image-preview:large, max-video-preview:-1\" \/>\n<link rel=\"canonical\" href=\"http:\/\/sojalspumi.se\/?page_id=201\" \/>\n<meta property=\"og:locale\" content=\"sv_SE\" \/>\n<meta property=\"og:type\" content=\"article\" \/>\n<meta property=\"og:title\" content=\"Om Pumi - Sojal&#039;s\" \/>\n<meta property=\"og:description\" content=\"Pumi \u00e4r en ungersk medelstor vallhund. En intelligent, pigg och alert allroundhund med visst m\u00e5tt av terrierns sk\u00e4rpa. Pumin \u00e4lskar sin familj och vill g\u00e4rna vara med s\u00e5 n\u00e4ra som m\u00f6jligt i s\u00e4ngen och ligga i kn\u00e4. Vill g\u00e4rna vara\" \/>\n<meta property=\"og:url\" content=\"http:\/\/sojalspumi.se\/?page_id=201\" \/>\n<meta property=\"og:site_name\" content=\"Sojal&#039;s\" \/>\n<meta name=\"twitter:card\" content=\"summary_large_image\" \/>\n<meta name=\"twitter:label1\" content=\"Ber\u00e4knad l\u00e4stid\" \/>\n\t<meta name=\"twitter:data1\" content=\"1 minut\" \/>\n<script type=\"application\/ld+json\" class=\"yoast-schema-graph\">{\"@context\":\"https:\/\/schema.org\",\"@graph\":[{\"@type\":\"WebPage\",\"@id\":\"http:\/\/sojalspumi.se\/?page_id=201\",\"url\":\"http:\/\/sojalspumi.se\/?page_id=201\",\"name\":\"Om Pumi - Sojal&#039;s\",\"isPartOf\":{\"@id\":\"http:\/\/sojalspumi.se\/#website\"},\"datePublished\":\"2023-08-08T05:59:35+00:00\",\"breadcrumb\":{\"@id\":\"http:\/\/sojalspumi.se\/?page_id=201#breadcrumb\"},\"inLanguage\":\"sv-SE\",\"potentialAction\":[{\"@type\":\"ReadAction\",\"target\":[\"http:\/\/sojalspumi.se\/?page_id=201\"]}]},{\"@type\":\"BreadcrumbList\",\"@id\":\"http:\/\/sojalspumi.se\/?page_id=201#breadcrumb\",\"itemListElement\":[{\"@type\":\"ListItem\",\"position\":1,\"name\":\"Home\",\"item\":\"http:\/\/sojalspumi.se\/\"},{\"@type\":\"ListItem\",\"position\":2,\"name\":\"Om Pumi\"}]},{\"@type\":\"WebSite\",\"@id\":\"http:\/\/sojalspumi.se\/#website\",\"url\":\"http:\/\/sojalspumi.se\/\",\"name\":\"Sojal&#039;s\",\"description\":\"\",\"potentialAction\":[{\"@type\":\"SearchAction\",\"target\":{\"@type\":\"EntryPoint\",\"urlTemplate\":\"http:\/\/sojalspumi.se\/?s={search_term_string}\"},\"query-input\":{\"@type\":\"PropertyValueSpecification\",\"valueRequired\":true,\"valueName\":\"search_term_string\"}}],\"inLanguage\":\"sv-SE\"}]}<\/script>\n<!-- \/ Yoast SEO plugin. -->","yoast_head_json":{"title":"Om Pumi - Sojal&#039;s","robots":{"index":"index","follow":"follow","max-snippet":"max-snippet:-1","max-image-preview":"max-image-preview:large","max-video-preview":"max-video-preview:-1"},"canonical":"http:\/\/sojalspumi.se\/?page_id=201","og_locale":"sv_SE","og_type":"article","og_title":"Om Pumi - Sojal&#039;s","og_description":"Pumi \u00e4r en ungersk medelstor vallhund. En intelligent, pigg och alert allroundhund med visst m\u00e5tt av terrierns sk\u00e4rpa. Pumin \u00e4lskar sin familj och vill g\u00e4rna vara med s\u00e5 n\u00e4ra som m\u00f6jligt i s\u00e4ngen och ligga i kn\u00e4. Vill g\u00e4rna vara","og_url":"http:\/\/sojalspumi.se\/?page_id=201","og_site_name":"Sojal&#039;s","twitter_card":"summary_large_image","twitter_misc":{"Ber\u00e4knad l\u00e4stid":"1 minut"},"schema":{"@context":"https:\/\/schema.org","@graph":[{"@type":"WebPage","@id":"http:\/\/sojalspumi.se\/?page_id=201","url":"http:\/\/sojalspumi.se\/?page_id=201","name":"Om Pumi - Sojal&#039;s","isPartOf":{"@id":"http:\/\/sojalspumi.se\/#website"},"datePublished":"2023-08-08T05:59:35+00:00","breadcrumb":{"@id":"http:\/\/sojalspumi.se\/?page_id=201#breadcrumb"},"inLanguage":"sv-SE","potentialAction":[{"@type":"ReadAction","target":["http:\/\/sojalspumi.se\/?page_id=201"]}]},{"@type":"BreadcrumbList","@id":"http:\/\/sojalspumi.se\/?page_id=201#breadcrumb","itemListElement":[{"@type":"ListItem","position":1,"name":"Home","item":"http:\/\/sojalspumi.se\/"},{"@type":"ListItem","position":2,"name":"Om Pumi"}]},{"@type":"WebSite","@id":"http:\/\/sojalspumi.se\/#website","url":"http:\/\/sojalspumi.se\/","name":"Sojal&#039;s","description":"","potentialAction":[{"@type":"SearchAction","target":{"@type":"EntryPoint","urlTemplate":"http:\/\/sojalspumi.se\/?s={search_term_string}"},"query-input":{"@type":"PropertyValueSpecification","valueRequired":true,"valueName":"search_term_string"}}],"inLanguage":"sv-SE"}]}},"_links":{"self":[{"href":"https:\/\/sojalspumi.se\/index.php?rest_route=\/wp\/v2\/pages\/201","targetHints":{"allow":["GET"]}}],"collection":[{"href":"https:\/\/sojalspumi.se\/index.php?rest_route=\/wp\/v2\/pages"}],"about":[{"href":"https:\/\/sojalspumi.se\/index.php?rest_route=\/wp\/v2\/types\/page"}],"author":[{"embeddable":true,"href":"https:\/\/sojalspumi.se\/index.php?rest_route=\/wp\/v2\/users\/1"}],"replies":[{"embeddable":true,"href":"https:\/\/sojalspumi.se\/index.php?rest_route=%2Fwp%2Fv2%2Fcomments&post=201"}],"version-history":[{"count":1,"href":"https:\/\/sojalspumi.se\/index.php?rest_route=\/wp\/v2\/pages\/201\/revisions"}],"predecessor-version":[{"id":202,"href":"https:\/\/sojalspumi.se\/index.php?rest_route=\/wp\/v2\/pages\/201\/revisions\/202"}],"wp:attachment":[{"href":"https:\/\/sojalspumi.se\/index.php?rest_route=%2Fwp%2Fv2%2Fmedia&parent=201"}],"curies":[{"name":"wp","href":"https:\/\/api.w.org\/{rel}","templated":true}]}}