{"id":173,"date":"2023-07-30T10:29:00","date_gmt":"2023-07-30T08:29:00","guid":{"rendered":"https:\/\/sojalspumi.se\/?page_id=173"},"modified":"2023-07-30T11:05:22","modified_gmt":"2023-07-30T09:05:22","slug":"foton","status":"publish","type":"page","link":"https:\/\/sojalspumi.se\/?page_id=173","title":{"rendered":"Foton"},"content":{"rendered":"<div class=\"wp-block-image\">\n<figure class=\"aligncenter size-full\"><img loading=\"lazy\" decoding=\"async\" width=\"700\" height=\"630\" src=\"http:\/\/sojalspumi.se\/wp-content\/uploads\/2023\/07\/nedansiljan_22_web.jpg\" alt=\"\" class=\"wp-image-95\" srcset=\"https:\/\/sojalspumi.se\/wp-content\/uploads\/2023\/07\/nedansiljan_22_web.jpg 700w, https:\/\/sojalspumi.se\/wp-content\/uploads\/2023\/07\/nedansiljan_22_web-300x270.jpg 300w\" sizes=\"auto, (max-width: 700px) 100vw, 700px\" \/><figcaption class=\"wp-element-caption\">Tre Pumi p\u00e5 pallen, Athena &amp; Lanka delat 1 plats och Hajra 3 plats<\/figcaption><\/figure>\n<\/div>\n\n<div class=\"wp-block-image\">\n<figure class=\"aligncenter size-full\"><img loading=\"lazy\" decoding=\"async\" width=\"500\" height=\"375\" src=\"https:\/\/sojalspumi.se\/wp-content\/uploads\/2023\/07\/sm2023web.jpg\" alt=\"\" class=\"wp-image-176\" srcset=\"https:\/\/sojalspumi.se\/wp-content\/uploads\/2023\/07\/sm2023web.jpg 500w, https:\/\/sojalspumi.se\/wp-content\/uploads\/2023\/07\/sm2023web-300x225.jpg 300w\" sizes=\"auto, (max-width: 500px) 100vw, 500px\" \/><figcaption class=\"wp-element-caption\">Hajra p\u00e5 SM 2023<\/figcaption><\/figure>\n<\/div>\n\n<div class=\"wp-block-image\">\n<figure class=\"aligncenter size-full\"><img loading=\"lazy\" decoding=\"async\" width=\"500\" height=\"333\" src=\"https:\/\/sojalspumi.se\/wp-content\/uploads\/2023\/07\/hajraapportweb.jpg\" alt=\"\" class=\"wp-image-191\" srcset=\"https:\/\/sojalspumi.se\/wp-content\/uploads\/2023\/07\/hajraapportweb.jpg 500w, https:\/\/sojalspumi.se\/wp-content\/uploads\/2023\/07\/hajraapportweb-300x200.jpg 300w\" sizes=\"auto, (max-width: 500px) 100vw, 500px\" \/><figcaption class=\"wp-element-caption\">Hajra<\/figcaption><\/figure>\n<\/div>\n\n<div class=\"wp-block-image\">\n<figure class=\"aligncenter size-full\"><img loading=\"lazy\" decoding=\"async\" width=\"500\" height=\"675\" src=\"https:\/\/sojalspumi.se\/wp-content\/uploads\/2023\/07\/slitsamtweb.jpg\" alt=\"\" class=\"wp-image-193\" srcset=\"https:\/\/sojalspumi.se\/wp-content\/uploads\/2023\/07\/slitsamtweb.jpg 500w, https:\/\/sojalspumi.se\/wp-content\/uploads\/2023\/07\/slitsamtweb-222x300.jpg 222w\" sizes=\"auto, (max-width: 500px) 100vw, 500px\" \/><figcaption class=\"wp-element-caption\">Ibland \u00e4r det tufft att vara uppf\u00f6dare, somnar valparna f\u00e5r man vackert sitta kvar  \ud83d\ude09<\/figcaption><\/figure>\n<\/div>","protected":false},"excerpt":{"rendered":"","protected":false},"author":1,"featured_media":0,"parent":0,"menu_order":0,"comment_status":"closed","ping_status":"closed","template":"","meta":{"_monsterinsights_skip_tracking":false,"_monsterinsights_sitenote_active":false,"_monsterinsights_sitenote_note":"","_monsterinsights_sitenote_category":0,"footnotes":""},"class_list":["post-173","page","type-page","status-publish","hentry"],"yoast_head":"<!-- This site is optimized with the Yoast SEO plugin v26.9 - https:\/\/yoast.com\/product\/yoast-seo-wordpress\/ -->\n<title>Foton - Sojal&#039;s<\/title>\n<meta name=\"robots\" content=\"index, follow, max-snippet:-1, max-image-preview:large, max-video-preview:-1\" \/>\n<link rel=\"canonical\" href=\"http:\/\/sojalspumi.se\/?page_id=173\" \/>\n<meta property=\"og:locale\" content=\"sv_SE\" \/>\n<meta property=\"og:type\" content=\"article\" \/>\n<meta property=\"og:title\" content=\"Foton - Sojal&#039;s\" \/>\n<meta property=\"og:url\" content=\"http:\/\/sojalspumi.se\/?page_id=173\" \/>\n<meta property=\"og:site_name\" content=\"Sojal&#039;s\" \/>\n<meta property=\"article:modified_time\" content=\"2023-07-30T09:05:22+00:00\" \/>\n<meta property=\"og:image\" content=\"http:\/\/sojalspumi.se\/wp-content\/uploads\/2023\/07\/nedansiljan_22_web.jpg\" \/>\n<meta name=\"twitter:card\" content=\"summary_large_image\" \/>\n<meta name=\"twitter:label1\" content=\"Ber\u00e4knad l\u00e4stid\" \/>\n\t<meta name=\"twitter:data1\" content=\"1 minut\" \/>\n<script type=\"application\/ld+json\" class=\"yoast-schema-graph\">{\"@context\":\"https:\/\/schema.org\",\"@graph\":[{\"@type\":\"WebPage\",\"@id\":\"http:\/\/sojalspumi.se\/?page_id=173\",\"url\":\"http:\/\/sojalspumi.se\/?page_id=173\",\"name\":\"Foton - Sojal&#039;s\",\"isPartOf\":{\"@id\":\"http:\/\/sojalspumi.se\/#website\"},\"primaryImageOfPage\":{\"@id\":\"http:\/\/sojalspumi.se\/?page_id=173#primaryimage\"},\"image\":{\"@id\":\"http:\/\/sojalspumi.se\/?page_id=173#primaryimage\"},\"thumbnailUrl\":\"http:\/\/sojalspumi.se\/wp-content\/uploads\/2023\/07\/nedansiljan_22_web.jpg\",\"datePublished\":\"2023-07-30T08:29:00+00:00\",\"dateModified\":\"2023-07-30T09:05:22+00:00\",\"breadcrumb\":{\"@id\":\"http:\/\/sojalspumi.se\/?page_id=173#breadcrumb\"},\"inLanguage\":\"sv-SE\",\"potentialAction\":[{\"@type\":\"ReadAction\",\"target\":[\"http:\/\/sojalspumi.se\/?page_id=173\"]}]},{\"@type\":\"ImageObject\",\"inLanguage\":\"sv-SE\",\"@id\":\"http:\/\/sojalspumi.se\/?page_id=173#primaryimage\",\"url\":\"https:\/\/sojalspumi.se\/wp-content\/uploads\/2023\/07\/nedansiljan_22_web.jpg\",\"contentUrl\":\"https:\/\/sojalspumi.se\/wp-content\/uploads\/2023\/07\/nedansiljan_22_web.jpg\",\"width\":700,\"height\":630},{\"@type\":\"BreadcrumbList\",\"@id\":\"http:\/\/sojalspumi.se\/?page_id=173#breadcrumb\",\"itemListElement\":[{\"@type\":\"ListItem\",\"position\":1,\"name\":\"Home\",\"item\":\"http:\/\/sojalspumi.se\/\"},{\"@type\":\"ListItem\",\"position\":2,\"name\":\"Foton\"}]},{\"@type\":\"WebSite\",\"@id\":\"http:\/\/sojalspumi.se\/#website\",\"url\":\"http:\/\/sojalspumi.se\/\",\"name\":\"Sojal&#039;s\",\"description\":\"\",\"potentialAction\":[{\"@type\":\"SearchAction\",\"target\":{\"@type\":\"EntryPoint\",\"urlTemplate\":\"http:\/\/sojalspumi.se\/?s={search_term_string}\"},\"query-input\":{\"@type\":\"PropertyValueSpecification\",\"valueRequired\":true,\"valueName\":\"search_term_string\"}}],\"inLanguage\":\"sv-SE\"}]}<\/script>\n<!-- \/ Yoast SEO plugin. -->","yoast_head_json":{"title":"Foton - Sojal&#039;s","robots":{"index":"index","follow":"follow","max-snippet":"max-snippet:-1","max-image-preview":"max-image-preview:large","max-video-preview":"max-video-preview:-1"},"canonical":"http:\/\/sojalspumi.se\/?page_id=173","og_locale":"sv_SE","og_type":"article","og_title":"Foton - Sojal&#039;s","og_url":"http:\/\/sojalspumi.se\/?page_id=173","og_site_name":"Sojal&#039;s","article_modified_time":"2023-07-30T09:05:22+00:00","og_image":[{"url":"http:\/\/sojalspumi.se\/wp-content\/uploads\/2023\/07\/nedansiljan_22_web.jpg","type":"","width":"","height":""}],"twitter_card":"summary_large_image","twitter_misc":{"Ber\u00e4knad l\u00e4stid":"1 minut"},"schema":{"@context":"https:\/\/schema.org","@graph":[{"@type":"WebPage","@id":"http:\/\/sojalspumi.se\/?page_id=173","url":"http:\/\/sojalspumi.se\/?page_id=173","name":"Foton - Sojal&#039;s","isPartOf":{"@id":"http:\/\/sojalspumi.se\/#website"},"primaryImageOfPage":{"@id":"http:\/\/sojalspumi.se\/?page_id=173#primaryimage"},"image":{"@id":"http:\/\/sojalspumi.se\/?page_id=173#primaryimage"},"thumbnailUrl":"http:\/\/sojalspumi.se\/wp-content\/uploads\/2023\/07\/nedansiljan_22_web.jpg","datePublished":"2023-07-30T08:29:00+00:00","dateModified":"2023-07-30T09:05:22+00:00","breadcrumb":{"@id":"http:\/\/sojalspumi.se\/?page_id=173#breadcrumb"},"inLanguage":"sv-SE","potentialAction":[{"@type":"ReadAction","target":["http:\/\/sojalspumi.se\/?page_id=173"]}]},{"@type":"ImageObject","inLanguage":"sv-SE","@id":"http:\/\/sojalspumi.se\/?page_id=173#primaryimage","url":"https:\/\/sojalspumi.se\/wp-content\/uploads\/2023\/07\/nedansiljan_22_web.jpg","contentUrl":"https:\/\/sojalspumi.se\/wp-content\/uploads\/2023\/07\/nedansiljan_22_web.jpg","width":700,"height":630},{"@type":"BreadcrumbList","@id":"http:\/\/sojalspumi.se\/?page_id=173#breadcrumb","itemListElement":[{"@type":"ListItem","position":1,"name":"Home","item":"http:\/\/sojalspumi.se\/"},{"@type":"ListItem","position":2,"name":"Foton"}]},{"@type":"WebSite","@id":"http:\/\/sojalspumi.se\/#website","url":"http:\/\/sojalspumi.se\/","name":"Sojal&#039;s","description":"","potentialAction":[{"@type":"SearchAction","target":{"@type":"EntryPoint","urlTemplate":"http:\/\/sojalspumi.se\/?s={search_term_string}"},"query-input":{"@type":"PropertyValueSpecification","valueRequired":true,"valueName":"search_term_string"}}],"inLanguage":"sv-SE"}]}},"_links":{"self":[{"href":"https:\/\/sojalspumi.se\/index.php?rest_route=\/wp\/v2\/pages\/173","targetHints":{"allow":["GET"]}}],"collection":[{"href":"https:\/\/sojalspumi.se\/index.php?rest_route=\/wp\/v2\/pages"}],"about":[{"href":"https:\/\/sojalspumi.se\/index.php?rest_route=\/wp\/v2\/types\/page"}],"author":[{"embeddable":true,"href":"https:\/\/sojalspumi.se\/index.php?rest_route=\/wp\/v2\/users\/1"}],"replies":[{"embeddable":true,"href":"https:\/\/sojalspumi.se\/index.php?rest_route=%2Fwp%2Fv2%2Fcomments&post=173"}],"version-history":[{"count":4,"href":"https:\/\/sojalspumi.se\/index.php?rest_route=\/wp\/v2\/pages\/173\/revisions"}],"predecessor-version":[{"id":195,"href":"https:\/\/sojalspumi.se\/index.php?rest_route=\/wp\/v2\/pages\/173\/revisions\/195"}],"wp:attachment":[{"href":"https:\/\/sojalspumi.se\/index.php?rest_route=%2Fwp%2Fv2%2Fmedia&parent=173"}],"curies":[{"name":"wp","href":"https:\/\/api.w.org\/{rel}","templated":true}]}}