{"id":16,"date":"2023-07-26T12:10:00","date_gmt":"2023-07-26T10:10:00","guid":{"rendered":"http:\/\/sojalspumi.se\/?page_id=16"},"modified":"2023-07-29T08:09:40","modified_gmt":"2023-07-29T06:09:40","slug":"om-mig","status":"publish","type":"page","link":"https:\/\/sojalspumi.se\/?page_id=16","title":{"rendered":"Om mig"},"content":{"rendered":"\n<p>Om mig<br>Jag har haft hundar i hela mitt liv redan vid 6-\u00e5rs \u00e5lder fick jag och min tvillingsyser Eva v\u00e5r f\u00f6rsta &#8221;Pia&#8221;. 1983 Kom Certo in i mitt liv, han var en liten M\u00fcnsterl\u00e4nder som var med p\u00e5 mina ridturer o lite lydnastr\u00e4ning, han blev 16 \u00e5r gammal. 1993 kom Svipp till familjen, han var en blandras, 50% golden retreiver 50% flatcoated retreiver han var ocks\u00e5 var med p\u00e5 ridturer och jag tr\u00e4nade lite lydnadstr\u00e4ning med honom. Han blev 12 \u00e5r.<\/p>\n\n\n\n<p>2004 Kom Rex ocks\u00e5 han en blandras, 75% flat retreiver och 25% gr\u00f6nendahl och med honom blev det mycket mer tr\u00e4ning inom lydnaden. Dels f\u00f6r att v\u00e5ra 3 barn b\u00f6rjade bli stora s\u00e5 att tiden fanns, eftersom man inte beh\u00f6vdes lika mycket, och dels f\u00f6r att mitt intresse f\u00f6r tr\u00e4ning och t\u00e4vling v\u00e4xte. Rex och jag kvalade in och t\u00e4vlade tillsammans i 5 stycken SM i lydnad 2009, 2010, 2011, 2012 och 2013. Tids nog lade vi ner lydnad och gick \u00f6ver till Rallylydnad, n\u00e5got Rex tyckte var kul och han blev ocks\u00e5 Rallylydnadschampion, Rex blev 12,5 \u00e5r.<\/p>\n\n\n\n<p>N\u00e4r jag fortfarande t\u00e4vlade med Rex b\u00f6rjade jag fundera p\u00e5 &#8221;Vad jag skulle ha f\u00f6r p\u00e5l\u00e4ggskalv??&#8221;. Jag har som barn tillbringat varje sommar i Ungern eftersom min pappa ursprunligen var d\u00e4rifr\u00e5n och sl\u00e4kten fanns\/finns d\u00e4r, s\u00e5 d\u00e5 kom jag fram till att det fick bli en Pumi. Jag tycker om att arbeta mycket med mina pumisar och \u00e4r inte speciellt intresserad av utst\u00e4llningar.<br><\/p>\n\n\n<div class=\"wp-block-image\">\n<figure class=\"aligncenter size-full\"><img loading=\"lazy\" decoding=\"async\" width=\"700\" height=\"630\" src=\"http:\/\/sojalspumi.se\/wp-content\/uploads\/2023\/07\/nedansiljan_22_web.jpg\" alt=\"\" class=\"wp-image-95\" srcset=\"https:\/\/sojalspumi.se\/wp-content\/uploads\/2023\/07\/nedansiljan_22_web.jpg 700w, https:\/\/sojalspumi.se\/wp-content\/uploads\/2023\/07\/nedansiljan_22_web-300x270.jpg 300w\" sizes=\"auto, (max-width: 700px) 100vw, 700px\" \/><figcaption class=\"wp-element-caption\">Athena och Lanka delad f\u00f6rsta plats och Hajra 3&#8217;e plats Rallylydnad m\u00e4starklass i Nedansiljan -22<\/figcaption><\/figure>\n<\/div>\n\n\n<p class=\"has-text-align-center\">Mina meriter<br>Kvalat in och deltagit i SM i Lydnad 2009, 2010, 2011, 2012, 2013<br>DM-vinnare i Lydnad 2009<br>KM-vinnare i Lydnad 2006, 2008, 2009<br>DM-vinnare i Rallylydnad 2016<br>\u00c5rets lydnadshund 2015, Fagersta BK<br>Rallylydnads SM 2018, Blekinge<br>Rallylydnads SM 2019, Hallsberg<br>Kvalad Rallylydnads SM 2020 (inst\u00e4llt pga Covid)<br>Kvalad Rallylydnads SM 2021 (inst\u00e4llt pga Covid)<br>Rallylydnads SM 2022, V\u00e4rnamo<br>Rallylydnads SM 2023, Kungs\u00f6r<\/p>\n","protected":false},"excerpt":{"rendered":"<p>Om migJag har haft hundar i hela mitt liv redan vid 6-\u00e5rs \u00e5lder fick jag och min tvillingsyser Eva v\u00e5r f\u00f6rsta &#8221;Pia&#8221;. 1983 Kom Certo in i mitt liv, han var en liten M\u00fcnsterl\u00e4nder som var med p\u00e5 mina ridturer<\/p>\n","protected":false},"author":1,"featured_media":0,"parent":0,"menu_order":0,"comment_status":"closed","ping_status":"closed","template":"","meta":{"_monsterinsights_skip_tracking":false,"_monsterinsights_sitenote_active":false,"_monsterinsights_sitenote_note":"","_monsterinsights_sitenote_category":0,"footnotes":""},"class_list":["post-16","page","type-page","status-publish","hentry"],"yoast_head":"<!-- This site is optimized with the Yoast SEO plugin v26.9 - https:\/\/yoast.com\/product\/yoast-seo-wordpress\/ -->\n<title>Om mig - Sojal&#039;s<\/title>\n<meta name=\"robots\" content=\"index, follow, max-snippet:-1, max-image-preview:large, max-video-preview:-1\" \/>\n<link rel=\"canonical\" href=\"http:\/\/sojalspumi.se\/?page_id=16\" \/>\n<meta property=\"og:locale\" content=\"sv_SE\" \/>\n<meta property=\"og:type\" content=\"article\" \/>\n<meta property=\"og:title\" content=\"Om mig - Sojal&#039;s\" \/>\n<meta property=\"og:description\" content=\"Om migJag har haft hundar i hela mitt liv redan vid 6-\u00e5rs \u00e5lder fick jag och min tvillingsyser Eva v\u00e5r f\u00f6rsta &#8221;Pia&#8221;. 1983 Kom Certo in i mitt liv, han var en liten M\u00fcnsterl\u00e4nder som var med p\u00e5 mina ridturer\" \/>\n<meta property=\"og:url\" content=\"http:\/\/sojalspumi.se\/?page_id=16\" \/>\n<meta property=\"og:site_name\" content=\"Sojal&#039;s\" \/>\n<meta property=\"article:modified_time\" content=\"2023-07-29T06:09:40+00:00\" \/>\n<meta property=\"og:image\" content=\"http:\/\/sojalspumi.se\/wp-content\/uploads\/2023\/07\/nedansiljan_22_web.jpg\" \/>\n<meta name=\"twitter:card\" content=\"summary_large_image\" \/>\n<meta name=\"twitter:label1\" content=\"Ber\u00e4knad l\u00e4stid\" \/>\n\t<meta name=\"twitter:data1\" content=\"2 minuter\" \/>\n<script type=\"application\/ld+json\" class=\"yoast-schema-graph\">{\"@context\":\"https:\/\/schema.org\",\"@graph\":[{\"@type\":\"WebPage\",\"@id\":\"http:\/\/sojalspumi.se\/?page_id=16\",\"url\":\"http:\/\/sojalspumi.se\/?page_id=16\",\"name\":\"Om mig - Sojal&#039;s\",\"isPartOf\":{\"@id\":\"http:\/\/sojalspumi.se\/#website\"},\"primaryImageOfPage\":{\"@id\":\"http:\/\/sojalspumi.se\/?page_id=16#primaryimage\"},\"image\":{\"@id\":\"http:\/\/sojalspumi.se\/?page_id=16#primaryimage\"},\"thumbnailUrl\":\"http:\/\/sojalspumi.se\/wp-content\/uploads\/2023\/07\/nedansiljan_22_web.jpg\",\"datePublished\":\"2023-07-26T10:10:00+00:00\",\"dateModified\":\"2023-07-29T06:09:40+00:00\",\"breadcrumb\":{\"@id\":\"http:\/\/sojalspumi.se\/?page_id=16#breadcrumb\"},\"inLanguage\":\"sv-SE\",\"potentialAction\":[{\"@type\":\"ReadAction\",\"target\":[\"http:\/\/sojalspumi.se\/?page_id=16\"]}]},{\"@type\":\"ImageObject\",\"inLanguage\":\"sv-SE\",\"@id\":\"http:\/\/sojalspumi.se\/?page_id=16#primaryimage\",\"url\":\"https:\/\/sojalspumi.se\/wp-content\/uploads\/2023\/07\/nedansiljan_22_web.jpg\",\"contentUrl\":\"https:\/\/sojalspumi.se\/wp-content\/uploads\/2023\/07\/nedansiljan_22_web.jpg\",\"width\":700,\"height\":630},{\"@type\":\"BreadcrumbList\",\"@id\":\"http:\/\/sojalspumi.se\/?page_id=16#breadcrumb\",\"itemListElement\":[{\"@type\":\"ListItem\",\"position\":1,\"name\":\"Home\",\"item\":\"http:\/\/sojalspumi.se\/\"},{\"@type\":\"ListItem\",\"position\":2,\"name\":\"Om mig\"}]},{\"@type\":\"WebSite\",\"@id\":\"http:\/\/sojalspumi.se\/#website\",\"url\":\"http:\/\/sojalspumi.se\/\",\"name\":\"Sojal&#039;s\",\"description\":\"\",\"potentialAction\":[{\"@type\":\"SearchAction\",\"target\":{\"@type\":\"EntryPoint\",\"urlTemplate\":\"http:\/\/sojalspumi.se\/?s={search_term_string}\"},\"query-input\":{\"@type\":\"PropertyValueSpecification\",\"valueRequired\":true,\"valueName\":\"search_term_string\"}}],\"inLanguage\":\"sv-SE\"}]}<\/script>\n<!-- \/ Yoast SEO plugin. -->","yoast_head_json":{"title":"Om mig - Sojal&#039;s","robots":{"index":"index","follow":"follow","max-snippet":"max-snippet:-1","max-image-preview":"max-image-preview:large","max-video-preview":"max-video-preview:-1"},"canonical":"http:\/\/sojalspumi.se\/?page_id=16","og_locale":"sv_SE","og_type":"article","og_title":"Om mig - Sojal&#039;s","og_description":"Om migJag har haft hundar i hela mitt liv redan vid 6-\u00e5rs \u00e5lder fick jag och min tvillingsyser Eva v\u00e5r f\u00f6rsta &#8221;Pia&#8221;. 1983 Kom Certo in i mitt liv, han var en liten M\u00fcnsterl\u00e4nder som var med p\u00e5 mina ridturer","og_url":"http:\/\/sojalspumi.se\/?page_id=16","og_site_name":"Sojal&#039;s","article_modified_time":"2023-07-29T06:09:40+00:00","og_image":[{"url":"http:\/\/sojalspumi.se\/wp-content\/uploads\/2023\/07\/nedansiljan_22_web.jpg","type":"","width":"","height":""}],"twitter_card":"summary_large_image","twitter_misc":{"Ber\u00e4knad l\u00e4stid":"2 minuter"},"schema":{"@context":"https:\/\/schema.org","@graph":[{"@type":"WebPage","@id":"http:\/\/sojalspumi.se\/?page_id=16","url":"http:\/\/sojalspumi.se\/?page_id=16","name":"Om mig - Sojal&#039;s","isPartOf":{"@id":"http:\/\/sojalspumi.se\/#website"},"primaryImageOfPage":{"@id":"http:\/\/sojalspumi.se\/?page_id=16#primaryimage"},"image":{"@id":"http:\/\/sojalspumi.se\/?page_id=16#primaryimage"},"thumbnailUrl":"http:\/\/sojalspumi.se\/wp-content\/uploads\/2023\/07\/nedansiljan_22_web.jpg","datePublished":"2023-07-26T10:10:00+00:00","dateModified":"2023-07-29T06:09:40+00:00","breadcrumb":{"@id":"http:\/\/sojalspumi.se\/?page_id=16#breadcrumb"},"inLanguage":"sv-SE","potentialAction":[{"@type":"ReadAction","target":["http:\/\/sojalspumi.se\/?page_id=16"]}]},{"@type":"ImageObject","inLanguage":"sv-SE","@id":"http:\/\/sojalspumi.se\/?page_id=16#primaryimage","url":"https:\/\/sojalspumi.se\/wp-content\/uploads\/2023\/07\/nedansiljan_22_web.jpg","contentUrl":"https:\/\/sojalspumi.se\/wp-content\/uploads\/2023\/07\/nedansiljan_22_web.jpg","width":700,"height":630},{"@type":"BreadcrumbList","@id":"http:\/\/sojalspumi.se\/?page_id=16#breadcrumb","itemListElement":[{"@type":"ListItem","position":1,"name":"Home","item":"http:\/\/sojalspumi.se\/"},{"@type":"ListItem","position":2,"name":"Om mig"}]},{"@type":"WebSite","@id":"http:\/\/sojalspumi.se\/#website","url":"http:\/\/sojalspumi.se\/","name":"Sojal&#039;s","description":"","potentialAction":[{"@type":"SearchAction","target":{"@type":"EntryPoint","urlTemplate":"http:\/\/sojalspumi.se\/?s={search_term_string}"},"query-input":{"@type":"PropertyValueSpecification","valueRequired":true,"valueName":"search_term_string"}}],"inLanguage":"sv-SE"}]}},"_links":{"self":[{"href":"https:\/\/sojalspumi.se\/index.php?rest_route=\/wp\/v2\/pages\/16","targetHints":{"allow":["GET"]}}],"collection":[{"href":"https:\/\/sojalspumi.se\/index.php?rest_route=\/wp\/v2\/pages"}],"about":[{"href":"https:\/\/sojalspumi.se\/index.php?rest_route=\/wp\/v2\/types\/page"}],"author":[{"embeddable":true,"href":"https:\/\/sojalspumi.se\/index.php?rest_route=\/wp\/v2\/users\/1"}],"replies":[{"embeddable":true,"href":"https:\/\/sojalspumi.se\/index.php?rest_route=%2Fwp%2Fv2%2Fcomments&post=16"}],"version-history":[{"count":3,"href":"https:\/\/sojalspumi.se\/index.php?rest_route=\/wp\/v2\/pages\/16\/revisions"}],"predecessor-version":[{"id":120,"href":"https:\/\/sojalspumi.se\/index.php?rest_route=\/wp\/v2\/pages\/16\/revisions\/120"}],"wp:attachment":[{"href":"https:\/\/sojalspumi.se\/index.php?rest_route=%2Fwp%2Fv2%2Fmedia&parent=16"}],"curies":[{"name":"wp","href":"https:\/\/api.w.org\/{rel}","templated":true}]}}